
{"id":4900,"date":"2022-03-01T23:25:45","date_gmt":"2022-03-01T22:25:45","guid":{"rendered":"https:\/\/przedszkole54.edu.wroclaw.pl\/?page_id=4900"},"modified":"2022-04-24T16:44:05","modified_gmt":"2022-04-24T14:44:05","slug":"narodowy-program-rozwoju-czytelnictwa","status":"publish","type":"page","link":"https:\/\/przedszkole54.edu.wroclaw.pl\/index.php\/narodowy-program-rozwoju-czytelnictwa\/","title":{"rendered":"NARODOWY PROGRAM ROZWOJU CZYTELNICTWA"},"content":{"rendered":"<div class=\"wpb-content-wrapper\"><p>[vc_row][vc_column width=&#8221;2\/3&#8243;][vc_column_text]<\/p>\n<p style=\"text-align: center\"><span style=\"font-size: 14pt;font-family: georgia, palatino, serif\"><span style=\"color: #ff0000\"><span style=\"color: #808080\">W pa\u017adzierniku 2021 r. nasze przedszkole zosta\u0142o zakwalifikowane do obj\u0119cia wsparciem finansowym w ramach <span style=\"color: #b42d4b;font-size: 14pt\">Narodowego Programu Rozwoju Czytelnictwa 2.0 na lata 2021-2025<\/span>. Program zosta\u0142 uchwalony przez Rad\u0119 Ministr\u00f3w w celu poprawy stanu czytelnictwa w Polsce.<br \/>\nW ramach realizacji programu odbywaj\u0105 si\u0119 w naszym przedszkolu dzia\u0142ania, maj\u0105ce na celu promocj\u0119 czytelnictwa i rozbudzanie zami\u0142owania dzieci do literatury. Dzi\u0119ki wsparciu finansowemu zakupili\u015bmy do naszej przedszkolnej biblioteczki poka\u017an\u0105 kolekcj\u0119 nowych, ciekawych ksi\u0105\u017cek dla dzieci.<\/span><\/span><\/span><\/p>\n<p>[\/vc_column_text][vc_separator style=&#8221;dotted&#8221; border_width=&#8221;5&#8243;][\/vc_column][vc_column width=&#8221;1\/3&#8243;][vc_single_image image=&#8221;3452&#8243; img_size=&#8221;full&#8221; alignment=&#8221;center&#8221; onclick=&#8221;custom_link&#8221; img_link_target=&#8221;_blank&#8221; link=&#8221;https:\/\/www.gov.pl\/web\/edukacja-i-nauka\/rozpoczyna-sie-realizacja-priorytetu-3-narodowego-programu-rozwoju-czytelnictwa-20-na-lata-2021-2026?fbclid=IwAR1rjX2KcSARShKmOgcbA_fGWbZBgvYxQgF1m4V7iNvKNYzMsIx2Zf2SwxU&#8221;][vc_column_text css=&#8221;.vc_custom_1635018721798{padding-top: 20px !important;padding-right: 20px !important;padding-bottom: 20px !important;padding-left: 20px !important;background-color: #b42d4b !important;border-radius: 15px !important;}&#8221;]<\/p>\n<p style=\"text-align: center\"><a href=\"https:\/\/www.kuratorium.wroclaw.pl\/narodowy-program-rozwoju-czytelnictwa-2-0-na-lata-2021-2025-wykaz-placowek-wychowania-przedszkolnego-szkol-i-bibliotek-pedagogicznych-zakwalifikowanych-do-objecia-wsparciem-finansowym-w\/nprcz-wykaz-placowek-i-szkol-zakwalifikowanych-do-otrzymania-wsparcia-finansowego\/\" target=\"_blank\" rel=\"noopener\"><span style=\"color: #ffffff\">Wykaz zakwalifikowanych plac\u00f3wek<\/span><\/a><\/p>\n<p>[\/vc_column_text][\/vc_column][\/vc_row]<\/p>\n<\/div>","protected":false},"excerpt":{"rendered":"<p>[vc_row][vc_column width=&#8221;2\/3&#8243;][vc_column_text] W pa\u017adzierniku 2021 r. nasze przedszkole zosta\u0142o zakwalifikowane do obj\u0119cia wsparciem finansowym w ramach Narodowego Programu Rozwoju Czytelnictwa 2.0 na lata 2021-2025. Program zosta\u0142 uchwalony przez Rad\u0119 Ministr\u00f3w [&hellip;]<\/p>\n","protected":false},"author":191,"featured_media":3458,"parent":0,"menu_order":0,"comment_status":"closed","ping_status":"closed","template":"","meta":{"ngg_post_thumbnail":0,"footnotes":""},"class_list":["post-4900","page","type-page","status-publish","has-post-thumbnail","hentry","clearfix"],"_links":{"self":[{"href":"https:\/\/przedszkole54.edu.wroclaw.pl\/index.php\/wp-json\/wp\/v2\/pages\/4900","targetHints":{"allow":["GET"]}}],"collection":[{"href":"https:\/\/przedszkole54.edu.wroclaw.pl\/index.php\/wp-json\/wp\/v2\/pages"}],"about":[{"href":"https:\/\/przedszkole54.edu.wroclaw.pl\/index.php\/wp-json\/wp\/v2\/types\/page"}],"author":[{"embeddable":true,"href":"https:\/\/przedszkole54.edu.wroclaw.pl\/index.php\/wp-json\/wp\/v2\/users\/191"}],"replies":[{"embeddable":true,"href":"https:\/\/przedszkole54.edu.wroclaw.pl\/index.php\/wp-json\/wp\/v2\/comments?post=4900"}],"version-history":[{"count":18,"href":"https:\/\/przedszkole54.edu.wroclaw.pl\/index.php\/wp-json\/wp\/v2\/pages\/4900\/revisions"}],"predecessor-version":[{"id":5629,"href":"https:\/\/przedszkole54.edu.wroclaw.pl\/index.php\/wp-json\/wp\/v2\/pages\/4900\/revisions\/5629"}],"wp:featuredmedia":[{"embeddable":true,"href":"https:\/\/przedszkole54.edu.wroclaw.pl\/index.php\/wp-json\/wp\/v2\/media\/3458"}],"wp:attachment":[{"href":"https:\/\/przedszkole54.edu.wroclaw.pl\/index.php\/wp-json\/wp\/v2\/media?parent=4900"}],"curies":[{"name":"wp","href":"https:\/\/api.w.org\/{rel}","templated":true}]}}