
{"id":49,"date":"2021-03-18T08:01:42","date_gmt":"2021-03-18T07:01:42","guid":{"rendered":"https:\/\/przedszkole54.edu.wroclaw.pl\/?page_id=49"},"modified":"2026-01-22T12:00:50","modified_gmt":"2026-01-22T11:00:50","slug":"niemiecki","status":"publish","type":"page","link":"https:\/\/przedszkole54.edu.wroclaw.pl\/index.php\/niemiecki\/","title":{"rendered":"J\u0119zyk niemiecki i angielski"},"content":{"rendered":"<div class=\"wpb-content-wrapper\"><p>[vc_row][vc_column width=&#8221;1\/2&#8243;][vc_column_text css=&#8221;&#8221;]<\/p>\n<div class=\"vc_row wpb_row vc_row-fluid\">\n<div class=\"wpb_column vc_column_container vc_col-sm-12\">\n<div class=\"vc_column-inner\">\n<div class=\"wpb_wrapper\">\n<div class=\"wpb_text_column wpb_content_element\">\n<div class=\"wpb_wrapper\">\n<p style=\"text-align: center\"><span style=\"font-size: 24pt\"><strong>J\u0118ZYK NIEMIECKI<\/strong><\/span><\/p>\n<p style=\"text-align: center\"><span style=\"font-family: 'times new roman', times\">Poznajcie nasz\u0105 nauczycielk\u0119 j\u0119zyka niemieckiego!<\/span><br \/>\n<span style=\"font-family: 'times new roman', times\">Ich bin Kamila G\u0119bska<\/span><\/p>\n<p style=\"text-align: center\"><span style=\"font-family: 'times new roman', times\">Nasza nauczycielka to m\u0142oda i ambitna absolwentka filologii germa\u0144skiej Uniwersytetu<\/span><br \/>\n<span style=\"font-family: 'times new roman', times\">Wroc\u0142awskiego, do\u015bwiadczony pedagog z pasj\u0105 do nauczania najm\u0142odszych. Podczas swoich<\/span><br \/>\n<span style=\"font-family: 'times new roman', times\">zaj\u0119\u0107 \u0142\u0105czy nauk\u0119 z zabaw\u0105, wykorzystuj\u0105c aktywno\u015bci ruchowe, \u015bpiew z pokazywaniem oraz<\/span><br \/>\n<span style=\"font-family: 'times new roman', times\">r\u00f3\u017cnorodne \u0107wiczenia anga\u017cuj\u0105ce dzieci.<\/span><br \/>\n<span style=\"font-family: 'times new roman', times\">W swojej pracy k\u0142adzie du\u017cy nacisk na \u0142\u0105czenie s\u0142\u00f3w z odpowiednimi ruchami, dzi\u0119ki czemu<\/span><br \/>\n<span style=\"font-family: 'times new roman', times\">dzieci ucz\u0105 si\u0119 j\u0119zyka poprzez wykonywanie prostych czynno\u015bci, takich jak \u201ewsta\u0144\u201d, \u201eusi\u0105d\u017a\u201d<\/span><br \/>\n<span style=\"font-family: 'times new roman', times\">czy \u201eskacz\u201d. Stosuje r\u00f3\u017cnorodne gry, zabawy i aktywno\u015bci, kt\u00f3re anga\u017cuj\u0105 dzieci do<\/span><br \/>\n<span style=\"font-family: 'times new roman', times\">aktywnego uczestnictwa w nauce j\u0119zyka. Zabawy j\u0119zykowe, takie jak gra \u201eMemory\u201d,<\/span><br \/>\n<span style=\"font-family: 'times new roman', times\">pomagaj\u0105 w przyswajaniu s\u0142ownictwa, a wprowadzanie nowych s\u0142\u00f3w i zwrot\u00f3w cz\u0119sto<\/span><br \/>\n<span style=\"font-family: 'times new roman', times\">odbywa si\u0119 przy pomocy zabawek.<\/span><br \/>\n<span style=\"font-family: 'times new roman', times\">Wszystkie stosowane metody k\u0142ad\u0105 nacisk na aktywno\u015b\u0107, zaanga\u017cowanie i emocje, co u\u0142atwia<\/span><br \/>\n<span style=\"font-family: 'times new roman', times\">dzieciom naturalne przyswajanie nowego j\u0119zyka. Nauczycielka stara si\u0119, aby nauka<\/span><br \/>\n<span style=\"font-family: 'times new roman', times\">niemieckiego by\u0142a nie tylko edukacj\u0105, ale tak\u017ce \u015bwietn\u0105 zabaw\u0105 i do\u015bwiadczeniem, kt\u00f3re<\/span><br \/>\n<span style=\"font-family: 'times new roman', times\">rozwija zainteresowania dzieci.<\/span><br \/>\n<span style=\"font-family: 'times new roman', times\">Nieustannie podnosi swoje kwalifikacje, bior\u0105c udzia\u0142 w szkoleniach i warsztatach, aby<\/span><br \/>\n<span style=\"font-family: 'times new roman', times\">jeszcze lepiej dostosowywa\u0107 metody nauczania do potrzeb swoich podopiecznych. Jest<\/span><br \/>\n<span style=\"font-family: 'times new roman', times\">osob\u0105 m\u0142od\u0105, ambitn\u0105, weso\u0142\u0105 i empatyczn\u0105, co sprawia, \u017ce dzieci czuj\u0105 si\u0119 na jej zaj\u0119ciach<\/span><br \/>\n<span style=\"font-family: 'times new roman', times\">swobodnie i komfortowo.<\/span><\/p>\n<p style=\"text-align: center\"><span style=\"font-family: 'times new roman', times\">Zapraszamy do wsp\u00f3lnej przygody z j\u0119zykiem niemieckim!<\/span><\/p>\n<\/div>\n<\/div>\n<\/div>\n<\/div>\n<\/div>\n<\/div>\n<div class=\"wpb_wrapper\"><\/div>\n<div class=\"vc_row wpb_row vc_row-fluid\">\n<div class=\"wpb_column vc_column_container vc_col-sm-8\">\n<div class=\"vc_column-inner\">\n<div class=\"wpb_wrapper\">\n<div class=\"wpb_text_column wpb_content_element\">\n<div class=\"wpb_wrapper\"><\/div>\n<\/div>\n<\/div>\n<div class=\"wpb_wrapper\">\n<div class=\"wpb_text_column wpb_content_element\">\n<div class=\"wpb_wrapper\">\n<p>&nbsp;<\/p>\n<p style=\"text-align: center\"><span style=\"font-family: 'times new roman', times;font-size: 14pt\">Zapraszamy do obejrzenia prac dzieci<\/span><\/p>\n<\/div>\n<\/div>\n<\/div>\n<\/div>\n<\/div>\n<\/div>\n<p>[\/vc_column_text][\/vc_column][vc_column width=&#8221;1\/2&#8243;][vc_column_text css=&#8221;&#8221;]<\/p>\n<p style=\"text-align: center\"><span style=\"font-size: 24pt\"><strong>J\u0118ZYK ANGIELSKI<\/strong><\/span><\/p>\n<p style=\"text-align: center\"><span style=\"font-family: 'times new roman', times\">W naszym przedszkolu odbywaj\u0105 si\u0119 r\u00f3wnie\u017c zaj\u0119cia z j\u0119zyka angielskiego. <\/span><span style=\"font-family: 'times new roman', times\">Zaj\u0119cia te prowadzi Pani Agata Strycharczyk, kt\u00f3ra w spos\u00f3b atrakcyjny i ciekawy wprowadza dzieci w \u015bwiat drugiego j\u0119zyka obcego. Dzi\u0119ki tw\u00f3rczym zabawom dzieci os\u0142uchuj\u0105 si\u0119 z tym j\u0119zykiem co gwarantuje dobry start w jego nauce\u00a0 na kolejnym etapie kszta\u0142cenia czyli w szkole podstawowej:)<\/span><\/p>\n<p style=\"text-align: center\"><span style=\"font-family: 'times new roman', times\">Zaj\u0119cia z Pani\u0105 Agat\u0105 maj\u0105 charakter nauki przez zabaw\u0119 w formie konwersacyjnej. S\u0105 to zaj\u0119cia pe\u0142ne gier j\u0119zykowych, bez ksi\u0105\u017cek czy standardowych \u0107wicze\u0144. Dzieci poznaj\u0105 pojedyncze s\u0142\u00f3wka i zwroty, ucz\u0105 si\u0119 budowa\u0107 proste zdania i pytania, a nawet uk\u0142adaj\u0105 proste dialogi. Dzi\u0119ki kreatywno\u015bci Pani Agaty zaj\u0119cia te s\u0105 atrakcyjne dla naszych przedszkolak\u00f3w :). Wsp\u00f3lny \u015bpiew oraz zabawy ruchowe wspieraj\u0105 dzieci w rozwoju kompetencji j\u0119zykowych.<\/span><\/p>\n<p style=\"text-align: center\">Drugi j\u0119zyk obcy w przedszkolu to gwarancja dobrego startu w szkole podstawowej \ud83d\ude42<\/p>\n<p>[\/vc_column_text][vc_single_image image=&#8221;8392&#8243; img_size=&#8221;full&#8221; alignment=&#8221;center&#8221; css=&#8221;&#8221;][\/vc_column][\/vc_row][vc_row][vc_column width=&#8221;1\/2&#8243;][vc_single_image image=&#8221;8253&#8243; img_size=&#8221;FULL&#8221; alignment=&#8221;center&#8221; css=&#8221;&#8221;][\/vc_column][vc_column width=&#8221;1\/2&#8243;][vc_single_image image=&#8221;8252&#8243; img_size=&#8221;FULL&#8221; alignment=&#8221;center&#8221; css=&#8221;&#8221;][\/vc_column][\/vc_row][vc_row][vc_column width=&#8221;1\/2&#8243;][vc_single_image image=&#8221;8250&#8243; img_size=&#8221;FULL&#8221; alignment=&#8221;center&#8221; css=&#8221;&#8221;][\/vc_column][vc_column width=&#8221;1\/2&#8243;][vc_single_image image=&#8221;8254&#8243; img_size=&#8221;FULL&#8221; alignment=&#8221;center&#8221; css=&#8221;&#8221;][\/vc_column][\/vc_row][vc_row][vc_column width=&#8221;1\/2&#8243;][vc_single_image image=&#8221;8251&#8243; img_size=&#8221;FULL&#8221; alignment=&#8221;center&#8221; css=&#8221;&#8221;][\/vc_column][vc_column width=&#8221;1\/2&#8243;][vc_single_image image=&#8221;8255&#8243; img_size=&#8221;FULL&#8221; alignment=&#8221;center&#8221; css=&#8221;&#8221;][\/vc_column][\/vc_row][vc_row][vc_column width=&#8221;1\/2&#8243;][vc_single_image image=&#8221;8256&#8243; img_size=&#8221;FULL&#8221; alignment=&#8221;center&#8221; css=&#8221;&#8221;][\/vc_column][vc_column width=&#8221;1\/2&#8243;][vc_single_image image=&#8221;8259&#8243; img_size=&#8221;FULL&#8221; alignment=&#8221;center&#8221; css=&#8221;&#8221;][\/vc_column][\/vc_row]<\/p>\n<\/div>","protected":false},"excerpt":{"rendered":"<p>[vc_row][vc_column width=&#8221;1\/2&#8243;][vc_column_text css=&#8221;&#8221;] J\u0118ZYK NIEMIECKI Poznajcie nasz\u0105 nauczycielk\u0119 j\u0119zyka niemieckiego! Ich bin Kamila G\u0119bska Nasza nauczycielka to m\u0142oda i ambitna absolwentka filologii germa\u0144skiej Uniwersytetu Wroc\u0142awskiego, do\u015bwiadczony pedagog z pasj\u0105 do [&hellip;]<\/p>\n","protected":false},"author":72,"featured_media":8390,"parent":0,"menu_order":0,"comment_status":"closed","ping_status":"closed","template":"","meta":{"ngg_post_thumbnail":0,"footnotes":""},"class_list":["post-49","page","type-page","status-publish","has-post-thumbnail","hentry","clearfix"],"_links":{"self":[{"href":"https:\/\/przedszkole54.edu.wroclaw.pl\/index.php\/wp-json\/wp\/v2\/pages\/49","targetHints":{"allow":["GET"]}}],"collection":[{"href":"https:\/\/przedszkole54.edu.wroclaw.pl\/index.php\/wp-json\/wp\/v2\/pages"}],"about":[{"href":"https:\/\/przedszkole54.edu.wroclaw.pl\/index.php\/wp-json\/wp\/v2\/types\/page"}],"author":[{"embeddable":true,"href":"https:\/\/przedszkole54.edu.wroclaw.pl\/index.php\/wp-json\/wp\/v2\/users\/72"}],"replies":[{"embeddable":true,"href":"https:\/\/przedszkole54.edu.wroclaw.pl\/index.php\/wp-json\/wp\/v2\/comments?post=49"}],"version-history":[{"count":90,"href":"https:\/\/przedszkole54.edu.wroclaw.pl\/index.php\/wp-json\/wp\/v2\/pages\/49\/revisions"}],"predecessor-version":[{"id":8621,"href":"https:\/\/przedszkole54.edu.wroclaw.pl\/index.php\/wp-json\/wp\/v2\/pages\/49\/revisions\/8621"}],"wp:featuredmedia":[{"embeddable":true,"href":"https:\/\/przedszkole54.edu.wroclaw.pl\/index.php\/wp-json\/wp\/v2\/media\/8390"}],"wp:attachment":[{"href":"https:\/\/przedszkole54.edu.wroclaw.pl\/index.php\/wp-json\/wp\/v2\/media?parent=49"}],"curies":[{"name":"wp","href":"https:\/\/api.w.org\/{rel}","templated":true}]}}