
{"id":4589,"date":"2022-01-21T22:52:55","date_gmt":"2022-01-21T21:52:55","guid":{"rendered":"https:\/\/przedszkole54.edu.wroclaw.pl\/?page_id=4589"},"modified":"2022-01-21T22:52:55","modified_gmt":"2022-01-21T21:52:55","slug":"rekrutacja-2022-2023","status":"publish","type":"page","link":"https:\/\/przedszkole54.edu.wroclaw.pl\/index.php\/rekrutacja-2022-2023\/","title":{"rendered":"Rekrutacja 2022\/2023"},"content":{"rendered":"<div class=\"wpb-content-wrapper\"><p>[vc_row][vc_column width=&#8221;1\/4&#8243;][\/vc_column][vc_column width=&#8221;1\/2&#8243;][vc_column_text css=&#8221;.vc_custom_1642799499807{padding-right: 20px !important;}&#8221;]<\/p>\n<p style=\"text-align: left\"><span style=\"font-size: 20pt;color: #ff0000;font-family: 'Open Sans', sans-serif\">REKRUTACJA 2022\/2023<\/span><\/p>\n<p style=\"text-align: left\"><span style=\"font-family: georgia, palatino, serif;font-size: 14pt\"><span style=\"color: #808080\">Rekrutacja do plac\u00f3wek edukacyjnych odbywa si\u0119 z wykorzystaniem<br \/>\nelektronicznego systemu rekrutacji,\u00a0<\/span><span style=\"color: #808080\">kt\u00f3ry jest dost\u0119pny na stronie<\/span><\/span><span style=\"color: #808080;font-family: Arial, sans-serif;font-size: 15px\"><span style=\"font-family: georgia, palatino, serif;font-size: 14pt\">:<\/span><br \/>\n<\/span><span style=\"color: #808080;font-family: Arial, sans-serif;font-size: 15px\"><span style=\"font-size: 16pt\"><span style=\"color: #808080;font-family: Arial, sans-serif\"><a href=\"https:\/\/rekrutacje.edu.wroclaw.pl\" target=\"blank\" rel=\"noopener\"><span style=\"color: #ff9700;font-family: Arial, sans-serif\">rekrutacje.edu.wroclaw.pl<\/span><\/a><\/span><\/span><span style=\"font-family: georgia, palatino, serif;font-size: 14pt\">.<\/span><\/span><\/p>\n<p><span style=\"font-family: georgia, palatino, serif;font-size: 14pt\"><span style=\"color: #808080\">W tym roku po raz pierwszy b\u0119dzie ona<span style=\"color: #ff0000;font-family: Helvetica, Arial, sans-serif;font-size: 16pt\"> w pe\u0142ni elektroniczna<\/span>.<\/span><\/span><\/p>\n<p style=\"text-align: left\"><span style=\"color: #ff9700;font-family: Helvetica, Arial, sans-serif;font-size: 20pt\"><span style=\"color: #ff0000\">16 lutego 2022<\/span> <\/span><span style=\"font-size: 14pt;font-family: georgia, palatino, serif;color: #808080\">rozpoczyna si\u0119 rekrutacja<br \/>\n<\/span><span style=\"color: #ff9700;font-family: Helvetica, Arial, sans-serif;font-size: 15pt\"><span style=\"color: #ff0000\">do klas pierwszych<\/span> <\/span><span style=\"color: #808080;font-family: georgia, palatino, serif;font-size: 14pt\">szk\u00f3\u0142 podstawowych.<\/span><\/p>\n<p style=\"text-align: left\"><span style=\"color: #ff9700;font-family: Helvetica, Arial, sans-serif;font-size: 20pt\"><span style=\"color: #ff0000\">23 marca 2022<\/span> <\/span><span style=\"font-size: 14pt;font-family: georgia, palatino, serif;color: #808080\">rozpoczyna si\u0119 rekrutacja<br \/>\n<\/span><span style=\"color: #ff9700;font-family: Helvetica, Arial, sans-serif;font-size: 15pt\"><span style=\"color: #ff0000\">do przedszkoli<\/span> <\/span><span style=\"color: #808080;font-family: georgia, palatino, serif;font-size: 14pt\">i oddzia\u0142\u00f3w przedszkolnych.<\/span><\/p>\n<p><span style=\"font-size: 14pt\"><span style=\"color: #808080;font-family: Arial, sans-serif\"><span style=\"font-family: georgia, palatino, serif\">Szczeg\u00f3\u0142y dotycz\u0105ce rekrutacji znajd\u0105 Pa\u0144stwo na stronie:<br \/>\n<\/span><\/span><a href=\"https:\/\/www.wroclaw.pl\/portal\/rekrutacja-szkoly-i-przedszkola-wroclaw\" target=\"blank\" rel=\"noopener\"><span style=\"color: #ff9700;font-family: Arial, sans-serif\">https:\/\/www.wroclaw.pl\/portal\/rekrutacja-szkoly-i-przedszkola-wroclaw<\/span><\/a><\/span>[\/vc_column_text][\/vc_column][vc_column width=&#8221;1\/4&#8243;][vc_column_text]<\/p>\n<p style=\"text-align: left\"><span style=\"color: #ff0000;font-family: 'Open Sans', sans-serif;font-size: 16pt\">PRZYDATNE LINKI:<\/span><\/p>\n<p style=\"text-align: left\"><span style=\"font-size: 13pt\"><a href=\"https:\/\/www.wroclaw.pl\/biuletyn\/files\/dokumenty\/39490\/web_ARAW%20gazeta%20wroclaw_pl%20Nr3_69%202022.pdf\" target=\"blank\" rel=\"noopener\"><span style=\"color: #135cae;font-family: Helvetica, Arial, sans-serif\">Biuletyn Informacji Publicznej Urz\u0119du Miejskiego Wroc\u0142awia<\/span><\/a><\/span><br \/>\n<span style=\"color: #135cae;font-family: Helvetica, Arial, sans-serif;font-size: 13pt\"><a href=\"https:\/\/www.google.com\/maps\/d\/u\/0\/viewer?mid=1GmwS6VpvfsuBN0xaQTmaI6T1VpYkhkdg&amp;ll=51.09321737771744%2C17.057878539863133&amp;z=12\" target=\"blank\" rel=\"noopener\"><span style=\"color: #135cae;font-family: Helvetica, Arial, sans-serif\">Mapa przedszkoli bior\u0105cych udzia\u0142 w rekrutacji<\/span><\/a><br \/>\n<\/span><span style=\"color: #135cae;font-family: Helvetica, Arial, sans-serif;font-size: 16px\"><span style=\"color: #ff0000;font-family: Helvetica, Arial, sans-serif;font-size: 16px\"><span style=\"color: #ff9700;font-family: Helvetica, Arial, sans-serif;font-size: 16px\"><span style=\"font-size: 13pt\"><a href=\"https:\/\/rekrutacje.edu.wroclaw.pl\/formico-parents\/tabPublicText189.action?historyItem.level=0&amp;historyItem.title=Profil+zaufany&amp;publicTextId=189\" target=\"blank\" rel=\"noopener\"><span style=\"color: #135cae;font-family: Helvetica, Arial, sans-serif\">Instrukcja zak\u0142adania profilu zaufanego<\/span><\/a><\/span><span style=\"color: #808080;font-family: Arial, sans-serif;font-size: 15px\"><span style=\"font-family: georgia, palatino, serif;font-size: 12pt\">\u00a0(umo\u017cliwia on udzia\u0142 w rekrutacji w 100% online)<\/span><br \/>\n<\/span><\/span><\/span><\/span><span style=\"color: #ff9700;font-family: Helvetica, Arial, sans-serif;font-size: 13pt\"><span style=\"color: #ff9700;font-family: Helvetica, Arial, sans-serif\"><span style=\"color: #ff9700;font-family: Helvetica, Arial, sans-serif\"><span style=\"color: #ff9700;font-family: Helvetica, Arial, sans-serif\"><a href=\"https:\/\/www.wroclaw.pl\/portal\/rekrutacja-do-szkol-i-przedszkoli-2022-we-wroclawiu-pytania-i-odpowiedzi\" target=\"blank\" rel=\"noopener\"><span style=\"color: #135cae;font-family: Helvetica, Arial, sans-serif\">Najcz\u0119\u015bciej zadawane pytania i odpowiedzi<\/span><\/a><\/span><\/span><\/span><\/span><\/p>\n<p>[\/vc_column_text][\/vc_column][\/vc_row][vc_row][vc_column][vc_single_image image=&#8221;928&#8243; img_size=&#8221;full&#8221; alignment=&#8221;center&#8221; onclick=&#8221;custom_link&#8221; img_link_target=&#8221;_blank&#8221; css_animation=&#8221;appear&#8221; link=&#8221;http:\/\/https:\/\/www.wroclaw.pl\/portal\/rekrutacja-szkoly-i-przedszkola-wroclaw&#8221;][vc_separator style=&#8221;dotted&#8221; border_width=&#8221;5&#8243;][vc_column_text]<\/p>\n<p style=\"text-align: center\"><span style=\"color: #808080;font-family: georgia, palatino, serif;font-size: 14pt\">Biuletyn Informacji Publicznej Urz\u0119du Miejskiego Wroc\u0142awia<\/span><\/p>\n<p>[\/vc_column_text][\/vc_column][\/vc_row][vc_row][vc_column width=&#8221;1\/3&#8243;][vc_single_image image=&#8221;4567&#8243; img_size=&#8221;full&#8221; alignment=&#8221;center&#8221; onclick=&#8221;custom_link&#8221; img_link_target=&#8221;_blank&#8221; link=&#8221;https:\/\/przedszkole54.edu.wroclaw.pl\/wp-content\/uploads\/sites\/56\/2022\/01\/web_ARAW-gazeta-wroclaw_pl-Nr3_69-2022-01.jpg&#8221;][\/vc_column][vc_column width=&#8221;1\/3&#8243;][vc_single_image image=&#8221;4563&#8243; img_size=&#8221;full&#8221; alignment=&#8221;center&#8221; onclick=&#8221;custom_link&#8221; img_link_target=&#8221;_blank&#8221; link=&#8221;https:\/\/przedszkole54.edu.wroclaw.pl\/wp-content\/uploads\/sites\/56\/2022\/01\/web_ARAW-gazeta-wroclaw_pl-Nr3_69-2022-02.jpg&#8221;][\/vc_column][vc_column width=&#8221;1\/3&#8243;][vc_single_image image=&#8221;4562&#8243; img_size=&#8221;full&#8221; alignment=&#8221;center&#8221; onclick=&#8221;custom_link&#8221; img_link_target=&#8221;_blank&#8221; link=&#8221;https:\/\/przedszkole54.edu.wroclaw.pl\/wp-content\/uploads\/sites\/56\/2022\/01\/web_ARAW-gazeta-wroclaw_pl-Nr3_69-2022-03.jpg&#8221;][\/vc_column][\/vc_row][vc_column width=&#8221;1\/4&#8243;][\/vc_column][vc_column width=&#8221;3\/4&#8243;][\/vc_column]<\/p>\n<\/div>","protected":false},"excerpt":{"rendered":"<p>[vc_row][vc_column width=&#8221;1\/4&#8243;][\/vc_column][vc_column width=&#8221;1\/2&#8243;][vc_column_text css=&#8221;.vc_custom_1642799499807{padding-right: 20px !important;}&#8221;] REKRUTACJA 2022\/2023 Rekrutacja do plac\u00f3wek edukacyjnych odbywa si\u0119 z wykorzystaniem elektronicznego systemu rekrutacji,\u00a0kt\u00f3ry jest dost\u0119pny na stronie: rekrutacje.edu.wroclaw.pl. W tym roku po raz pierwszy [&hellip;]<\/p>\n","protected":false},"author":191,"featured_media":0,"parent":0,"menu_order":0,"comment_status":"closed","ping_status":"closed","template":"","meta":{"ngg_post_thumbnail":0,"footnotes":""},"class_list":["post-4589","page","type-page","status-publish","hentry","clearfix"],"_links":{"self":[{"href":"https:\/\/przedszkole54.edu.wroclaw.pl\/index.php\/wp-json\/wp\/v2\/pages\/4589","targetHints":{"allow":["GET"]}}],"collection":[{"href":"https:\/\/przedszkole54.edu.wroclaw.pl\/index.php\/wp-json\/wp\/v2\/pages"}],"about":[{"href":"https:\/\/przedszkole54.edu.wroclaw.pl\/index.php\/wp-json\/wp\/v2\/types\/page"}],"author":[{"embeddable":true,"href":"https:\/\/przedszkole54.edu.wroclaw.pl\/index.php\/wp-json\/wp\/v2\/users\/191"}],"replies":[{"embeddable":true,"href":"https:\/\/przedszkole54.edu.wroclaw.pl\/index.php\/wp-json\/wp\/v2\/comments?post=4589"}],"version-history":[{"count":1,"href":"https:\/\/przedszkole54.edu.wroclaw.pl\/index.php\/wp-json\/wp\/v2\/pages\/4589\/revisions"}],"predecessor-version":[{"id":4590,"href":"https:\/\/przedszkole54.edu.wroclaw.pl\/index.php\/wp-json\/wp\/v2\/pages\/4589\/revisions\/4590"}],"wp:attachment":[{"href":"https:\/\/przedszkole54.edu.wroclaw.pl\/index.php\/wp-json\/wp\/v2\/media?parent=4589"}],"curies":[{"name":"wp","href":"https:\/\/api.w.org\/{rel}","templated":true}]}}