
{"id":4107,"date":"2021-12-11T16:13:26","date_gmt":"2021-12-11T15:13:26","guid":{"rendered":"https:\/\/przedszkole54.edu.wroclaw.pl\/?page_id=4107"},"modified":"2023-09-18T16:51:57","modified_gmt":"2023-09-18T14:51:57","slug":"wolontariat-w-przedszkolu","status":"publish","type":"page","link":"https:\/\/przedszkole54.edu.wroclaw.pl\/index.php\/wolontariat-w-przedszkolu\/","title":{"rendered":"Wolontariat w przedszkolu"},"content":{"rendered":"<div class=\"wpb-content-wrapper\"><p>[vc_row][vc_column width=&#8221;1\/4&#8243;][\/vc_column][vc_column width=&#8221;3\/4&#8243;][vc_single_image image=&#8221;4271&#8243; img_size=&#8221;full&#8221;][vc_column_text css=&#8221;.vc_custom_1695048531890{padding-top: 5px !important;}&#8221;]<\/p>\n<p style=\"text-align: left\"><span style=\"font-family: georgia, palatino, serif;color: #808080;font-size: 14pt\">Wiosn\u0105 2021 roku nasze przedszkole pozytywnie przesz\u0142o weryfikacj\u0119, umo\u017cliwiaj\u0105c\u0105 m\u0142odym ludziom z r\u00f3\u017cnych stron \u015bwiata odbywanie u nas wolontariatu. W dniu 18 maja 2021 otrzymali\u015bmy<span style=\"color: #a91673\">\u00a0Znak Jako\u015bci <\/span>Europejskiego Korpusu Solidarno\u015bci w zakresie wolontariatu (jako organizacja goszcz\u0105ca), a profil naszej plac\u00f3wki zosta\u0142 opublikowany w bazie organizacji pod numerem OID E10266502, na stronie <span style=\"color: #a91673\"><a style=\"color: #a91673\" href=\"https:\/\/europa.eu\/youth\/volunteering\/organisation\/78678\" target=\"_blank\" rel=\"noopener\">http:\/\/europa.eu\/youth\/evs_database<\/a><\/span>.<\/span><\/p>\n<p style=\"text-align: left\"><span style=\"font-family: georgia, palatino, serif;color: #808080;font-size: 14pt\">R\u00f3wnocze\u015bnie podj\u0119li\u015bmy wsp\u00f3\u0142prac\u0119 z<span style=\"color: #0c4da2\"> Fundacj\u0105 Rozwoju Systemu Edukacji <\/span>(Narodow\u0105 Agencj\u0105 Europejskiego Korpusu Solidarno\u015bci) oraz z<span style=\"color: #12aee5\"><span style=\"color: #0c4da2\"> Fundacj\u0105 Integracji Spo\u0142ecznej PROM<\/span> <\/span>i rozpocz\u0119li\u015bmy w naszym przedszkolu realizacj\u0119 projektu goszcz\u0105cego wolontariuszy.<\/span><\/p>\n<p>[\/vc_column_text][vc_separator style=&#8221;dotted&#8221; border_width=&#8221;5&#8243;][\/vc_column][\/vc_row][vc_row][vc_column width=&#8221;1\/2&#8243;][vc_column_text css_animation=&#8221;fadeIn&#8221; css=&#8221;.vc_custom_1695048600154{padding-top: 5px !important;}&#8221;]<img loading=\"lazy\" decoding=\"async\" class=\"wp-image-7343 size-medium aligncenter\" src=\"https:\/\/przedszkole54.edu.wroclaw.pl\/wp-content\/uploads\/sites\/56\/2023\/09\/Zdjecie-WhatsApp-2023-09-12-o-19.42.41-247x300.jpg\" alt=\"\" width=\"247\" height=\"300\" srcset=\"https:\/\/przedszkole54.edu.wroclaw.pl\/wp-content\/uploads\/sites\/56\/2023\/09\/Zdjecie-WhatsApp-2023-09-12-o-19.42.41-247x300.jpg 247w, https:\/\/przedszkole54.edu.wroclaw.pl\/wp-content\/uploads\/sites\/56\/2023\/09\/Zdjecie-WhatsApp-2023-09-12-o-19.42.41-842x1024.jpg 842w, https:\/\/przedszkole54.edu.wroclaw.pl\/wp-content\/uploads\/sites\/56\/2023\/09\/Zdjecie-WhatsApp-2023-09-12-o-19.42.41-768x934.jpg 768w, https:\/\/przedszkole54.edu.wroclaw.pl\/wp-content\/uploads\/sites\/56\/2023\/09\/Zdjecie-WhatsApp-2023-09-12-o-19.42.41-600x730.jpg 600w, https:\/\/przedszkole54.edu.wroclaw.pl\/wp-content\/uploads\/sites\/56\/2023\/09\/Zdjecie-WhatsApp-2023-09-12-o-19.42.41-1262x1536.jpg 1262w, https:\/\/przedszkole54.edu.wroclaw.pl\/wp-content\/uploads\/sites\/56\/2023\/09\/Zdjecie-WhatsApp-2023-09-12-o-19.42.41.jpg 1315w\" sizes=\"auto, (max-width: 247px) 100vw, 247px\" \/>[\/vc_column_text][\/vc_column][vc_column width=&#8221;1\/2&#8243;][vc_column_text]<\/p>\n<p style=\"text-align: center\"><span style=\"color: #808080;font-size: 18pt\">Cze\u015b\u0107!<br \/>\nNazywam si\u0119 Nilay i jestem 24-letni\u0105 nauczycielk\u0105 j\u0119zyka angielskiego z Izmiru w Turcji. W zesz\u0142ym roku uko\u0144czy\u0142am studia, a w zesz\u0142ym roku zacz\u0105\u0142am pracowa\u0107 jako nauczyciel. Kocham dzieci i widok ich szcz\u0119\u015bliwych sprawia mi rado\u015b\u0107. W wolnych chwilach lubi\u0119 s\u0142ucha\u0107 muzyki i \u015bpiewa\u0107. Zajmuj\u0119 si\u0119 tak\u017ce rysunkiem oraz malarstwem. Nie wyobra\u017cam sobie \u015bwiata<br \/>\nbez sztuki i muzyki!<\/span><\/p>\n<p>[\/vc_column_text][\/vc_column][\/vc_row][vc_row][vc_column][vc_separator style=&#8221;dotted&#8221; border_width=&#8221;5&#8243;][\/vc_column][\/vc_row][vc_row][vc_column width=&#8221;1\/3&#8243;][vc_single_image image=&#8221;4155&#8243; img_size=&#8221;full&#8221; onclick=&#8221;custom_link&#8221; img_link_target=&#8221;_blank&#8221; link=&#8221;https:\/\/eks.org.pl\/&#8221;][\/vc_column][vc_column width=&#8221;1\/3&#8243;][vc_single_image image=&#8221;4153&#8243; img_size=&#8221;full&#8221; onclick=&#8221;custom_link&#8221; img_link_target=&#8221;_blank&#8221; link=&#8221;https:\/\/www.frse.org.pl\/&#8221;][\/vc_column][vc_column width=&#8221;1\/3&#8243;][vc_single_image image=&#8221;4151&#8243; img_size=&#8221;full&#8221; onclick=&#8221;custom_link&#8221; img_link_target=&#8221;_blank&#8221; link=&#8221;http:\/\/evs.wroclaw.pl\/&#8221;][\/vc_column][\/vc_row]<\/p>\n<\/div>","protected":false},"excerpt":{"rendered":"<p>[vc_row][vc_column width=&#8221;1\/4&#8243;][\/vc_column][vc_column width=&#8221;3\/4&#8243;][vc_single_image image=&#8221;4271&#8243; img_size=&#8221;full&#8221;][vc_column_text css=&#8221;.vc_custom_1695048531890{padding-top: 5px !important;}&#8221;] Wiosn\u0105 2021 roku nasze przedszkole pozytywnie przesz\u0142o weryfikacj\u0119, umo\u017cliwiaj\u0105c\u0105 m\u0142odym ludziom z r\u00f3\u017cnych stron \u015bwiata odbywanie u nas wolontariatu. W dniu 18 [&hellip;]<\/p>\n","protected":false},"author":191,"featured_media":0,"parent":0,"menu_order":0,"comment_status":"closed","ping_status":"closed","template":"","meta":{"ngg_post_thumbnail":0,"footnotes":""},"class_list":["post-4107","page","type-page","status-publish","hentry","clearfix"],"_links":{"self":[{"href":"https:\/\/przedszkole54.edu.wroclaw.pl\/index.php\/wp-json\/wp\/v2\/pages\/4107","targetHints":{"allow":["GET"]}}],"collection":[{"href":"https:\/\/przedszkole54.edu.wroclaw.pl\/index.php\/wp-json\/wp\/v2\/pages"}],"about":[{"href":"https:\/\/przedszkole54.edu.wroclaw.pl\/index.php\/wp-json\/wp\/v2\/types\/page"}],"author":[{"embeddable":true,"href":"https:\/\/przedszkole54.edu.wroclaw.pl\/index.php\/wp-json\/wp\/v2\/users\/191"}],"replies":[{"embeddable":true,"href":"https:\/\/przedszkole54.edu.wroclaw.pl\/index.php\/wp-json\/wp\/v2\/comments?post=4107"}],"version-history":[{"count":36,"href":"https:\/\/przedszkole54.edu.wroclaw.pl\/index.php\/wp-json\/wp\/v2\/pages\/4107\/revisions"}],"predecessor-version":[{"id":7345,"href":"https:\/\/przedszkole54.edu.wroclaw.pl\/index.php\/wp-json\/wp\/v2\/pages\/4107\/revisions\/7345"}],"wp:attachment":[{"href":"https:\/\/przedszkole54.edu.wroclaw.pl\/index.php\/wp-json\/wp\/v2\/media?parent=4107"}],"curies":[{"name":"wp","href":"https:\/\/api.w.org\/{rel}","templated":true}]}}