
{"id":35,"date":"2021-03-18T07:59:35","date_gmt":"2021-03-18T06:59:35","guid":{"rendered":"https:\/\/przedszkole54.edu.wroclaw.pl\/?page_id=35"},"modified":"2024-10-18T11:34:13","modified_gmt":"2024-10-18T09:34:13","slug":"dokumenty","status":"publish","type":"page","link":"https:\/\/przedszkole54.edu.wroclaw.pl\/index.php\/dokumenty\/","title":{"rendered":"Dokumenty"},"content":{"rendered":"<div class=\"wpb-content-wrapper\"><p>[vc_row][vc_column width=&#8221;1\/4&#8243;][\/vc_column][vc_column width=&#8221;3\/4&#8243;][vc_tta_tour shape=&#8221;square&#8221; spacing=&#8221;3&#8243; active_section=&#8221;1&#8243;][vc_tta_section title=&#8221;Statut&#8221; tab_id=&#8221;1618128835865-c7a6c35f-89f1&#8243;][vc_column_text css=&#8221;&#8221;]<strong><a href=\"https:\/\/przedszkole54.edu.wroclaw.pl\/wp-content\/uploads\/sites\/56\/2024\/10\/Statut-Przedszkola-nr-54-Pod-Kasztanami-09-2024.pdf\"><span style=\"font-size: 14pt\">Statut Przedszkola nr 54 Pod Kasztanami [pdf 835KB]<\/span><\/a><\/strong>[\/vc_column_text][\/vc_tta_section][vc_tta_section title=&#8221;Procedury&#8221; tab_id=&#8221;1618128871283-9c77b9c1-d0aa&#8221;][vc_column_text css=&#8221;&#8221;]<strong><span style=\"font-family: arial, helvetica, sans-serif;color: #ff1d4d;font-size: 14pt\">\u2022 <a style=\"color: #ff1d4d\" href=\"https:\/\/przedszkole54.edu.wroclaw.pl\/wp-content\/uploads\/sites\/56\/2022\/03\/Procedury-Bezpieczenstwa-P54-2022.pdf\" target=\"blank\" rel=\"noopener\">Procedury bezpiecze\u0144stwa\u00a0 \u00a0[pdf 1,40 MB]<\/a><br \/>\n\u2022 <a style=\"color: #ff1d4d\" href=\"https:\/\/przedszkole54.edu.wroclaw.pl\/wp-content\/uploads\/sites\/56\/2022\/02\/Procedura-kontaktow-z-rodzicami-P-54-2022.pdf\" target=\"blank\" rel=\"noopener\">Procedura kontakt\u00f3w z rodzicami\u00a0 \u00a0[pdf 158 KB]<\/a><\/span><\/strong>[\/vc_column_text][\/vc_tta_section][vc_tta_section title=&#8221;Podstawa programowa&#8221; tab_id=&#8221;1618128958246-4cf5713a-4235&#8243;][vc_column_text css=&#8221;&#8221;]<strong><span style=\"font-family: arial, helvetica, sans-serif;color: #ff1d4d;font-size: 14pt\">\u2022 <a style=\"color: #ff1d4d\" href=\"https:\/\/podstawaprogramowa.pl\/Przedszkole\" target=\"blank\" rel=\"noopener\">Podstawa programowa wychowania przedszkolnego<\/a><\/span><\/strong>[\/vc_column_text][\/vc_tta_section][vc_tta_section title=&#8221;Program wychowania przedszkolnego&#8221; tab_id=&#8221;1632244140200-d346fb7d-d0e5&#8243;][vc_column_text css=&#8221;&#8221;]<strong><span style=\"font-family: arial, helvetica, sans-serif;color: #ff1d4d;font-size: 14pt\">\u2022 <a style=\"color: #ff1d4d\" href=\"https:\/\/przedszkole54.edu.wroclaw.pl\/wp-content\/uploads\/sites\/56\/2021\/04\/program-nasze-przedszkole-2017.pdf\" target=\"blank\" rel=\"noopener\">\u201eNasze przedszkole. Program edukacji przedszkolnej wspomagaj\u0105cy rozw\u00f3j aktywno\u015bci dzieci\u201d\u00a0 \u00a0[pdf 4,99 MB]<\/a><\/span><\/strong>[\/vc_column_text][\/vc_tta_section][vc_tta_section title=&#8221;Druki do pobrania&#8221; tab_id=&#8221;1618128976092-1393856b-1054&#8243;][vc_column_text css=&#8221;&#8221;]<span style=\"font-family: georgia, palatino, serif;color: #ff1d4d\"><span style=\"font-size: 14pt\"><strong><span style=\"font-family: arial, helvetica, sans-serif\">\u2022 <a style=\"color: #ff1d4d\" href=\"https:\/\/przedszkole54.edu.wroclaw.pl\/wp-content\/uploads\/sites\/56\/2024\/10\/Deklaracja-korzystania-z-uslug-przedszkola-2024.pdf\" target=\"_blank\" rel=\"noopener\">Deklaracja korzystania z us\u0142ug Przedszkola [pdf 560 KB]<\/a><\/span><\/strong><\/span><br \/>\n<span style=\"font-size: 14pt\"><strong><span style=\"font-family: arial, helvetica, sans-serif\">\u2022 <a style=\"color: #ff1d4d\" href=\"https:\/\/przedszkole54.edu.wroclaw.pl\/wp-content\/uploads\/sites\/56\/2024\/10\/Aktualizacja-informacji-2024.pdf\" target=\"_blank\" rel=\"noopener\">Informacje dot. dziecka [pdf 559 KB]<\/a><\/span><\/strong><\/span><br \/>\n<span style=\"font-size: 14pt\"><strong><span style=\"font-family: arial, helvetica, sans-serif\">\u2022 <a style=\"color: #ff1d4d\" href=\"https:\/\/przedszkole54.edu.wroclaw.pl\/wp-content\/uploads\/sites\/56\/2024\/10\/Oswiadczenia-i-zgody-2024.pdf\" target=\"_blank\" rel=\"noopener\">O\u015bwiadczenia i zgody [pdf 278 KB]<\/a><\/span><\/strong><\/span><br \/>\n<span style=\"font-size: 14pt\"><strong><span style=\"font-family: arial, helvetica, sans-serif\">\u2022 <a style=\"color: #ff1d4d\" href=\"https:\/\/przedszkole54.edu.wroclaw.pl\/wp-content\/uploads\/sites\/56\/2024\/10\/RODO-i-zgoda-na-wizerunek-2024.pdf\" target=\"_blank\" rel=\"noopener\">Zgoda &#8211; wizerunek [pdf 499 KB]<\/a><\/span><\/strong><\/span><br \/>\n<span style=\"font-size: 14pt\"><strong><span style=\"font-family: arial, helvetica, sans-serif\">\u2022 <a style=\"color: #ff1d4d\" href=\"https:\/\/przedszkole54.edu.wroclaw.pl\/wp-content\/uploads\/sites\/56\/2024\/10\/Oswiadczenie-religia-2024.pdf\" target=\"_blank\" rel=\"noopener\">O\u015bwiadczenie &#8211; religia [pdf 514 KB]<\/a><\/span><\/strong><\/span><br \/>\n<span style=\"font-size: 14pt\"><strong><span style=\"font-family: arial, helvetica, sans-serif\">\u2022 <a style=\"color: #ff1d4d\" href=\"https:\/\/przedszkole54.edu.wroclaw.pl\/wp-content\/uploads\/sites\/56\/2024\/10\/Upowaznienie-do-odbioru-dziecka-2024.pdf\" target=\"_blank\" rel=\"noopener\">Upowa\u017cnienie do odbioru dziecka [pdf 198 KB]<\/a><\/span><\/strong><\/span><br \/>\n<span style=\"font-size: 14pt\"><strong><span style=\"font-family: arial, helvetica, sans-serif\">\u2022 <a style=\"color: #ff1d4d\" href=\"https:\/\/przedszkole54.edu.wroclaw.pl\/wp-content\/uploads\/sites\/56\/2024\/10\/Wniosek-dla-rodzin-wielodzietnych-2024.pdf\" target=\"_blank\" rel=\"noopener\">Wniosek dla rodzin wielodzietnych [pdf 335 KB]<\/a><\/span><\/strong><\/span><br \/>\n<\/span>[\/vc_column_text][\/vc_tta_section][vc_tta_section title=&#8221;Dost\u0119pno\u015b\u0107&#8221; tab_id=&#8221;1621973016890-cfcb7e83-c1de&#8221;][vc_column_text css=&#8221;&#8221;]<span style=\"font-size: 14pt\"><strong><span style=\"font-family: arial, helvetica, sans-serif;color: #ff1d4d\">\u2022 <a style=\"color: #ff1d4d\" href=\"https:\/\/przedszkole54.edu.wroclaw.pl\/index.php\/deklaracjadostepnosci\/\" rel=\"noopener\">Deklaracja dost\u0119pno\u015bci<\/a><\/span><\/strong><\/span><br \/>\n<span style=\"font-size: 14pt\"><strong><span style=\"font-family: arial, helvetica, sans-serif;color: #ff1d4d\">\u2022 <a style=\"color: #ff1d4d\" href=\"https:\/\/przedszkole54.edu.wroclaw.pl\/wp-content\/uploads\/sites\/56\/2021\/04\/Raport-o-dostepnosci-P-54-2021.pdf\" target=\"blank\" rel=\"noopener\">Raport o dost\u0119pno\u015bci\u00a0 \u00a0[pdf 63 KB]<\/a><\/span><\/strong><\/span>[\/vc_column_text][\/vc_tta_section][vc_tta_section title=&#8221;RODO&#8221; tab_id=&#8221;1644278899774-bdabfa1e-172f&#8221;][vc_column_text css=&#8221;&#8221;]<span style=\"font-size: 14pt\"><strong><span style=\"font-family: arial, helvetica, sans-serif;color: #ff0000\">\u2022 <a style=\"color: #ff0000\" href=\"https:\/\/przedszkole54.edu.wroclaw.pl\/wp-content\/uploads\/sites\/56\/2022\/02\/Przedszkole-Nr-54-KLAZULA-INFORMACYJNA.pdf\" target=\"_blank\" rel=\"noopener\">Klauzula informacyjna\u00a0 [pdf 90 KB]<\/a><br \/>\n\u2022 <a style=\"color: #ff0000\" href=\"https:\/\/przedszkole54.edu.wroclaw.pl\/wp-content\/uploads\/sites\/56\/2022\/02\/Przedszkole-Nr-54-Informacja-o-Inspektorze-Ochrony-Danych-Osobowych.pdf\" target=\"_blank\" rel=\"noopener\">Informacja o inspektorze danych osobowych\u00a0 [pdf 108 KB]<\/a><\/span><\/strong><\/span><br \/>\n<span style=\"font-family: arial, helvetica, sans-serif;color: #ff1d4d\"><span style=\"font-size: 14pt\"><strong><span style=\"color: #ff0000\">\u2022 <a style=\"color: #ff0000\" href=\"https:\/\/przedszkole54.edu.wroclaw.pl\/wp-content\/uploads\/sites\/56\/2022\/02\/Przedszkole-Nr-54-Klauzula-informacyjna-rekrutacja.pdf\" target=\"_blank\" rel=\"noopener\">Klauzula informacyjna &#8211; rekrutacja\u00a0 [pdf 121 KB]<\/a><\/span><\/strong><\/span><br \/>\n<span style=\"font-size: 14pt\"><strong><span style=\"color: #ff0000\">\u2022 <a style=\"color: #ff0000\" href=\"https:\/\/przedszkole54.edu.wroclaw.pl\/wp-content\/uploads\/sites\/56\/2022\/02\/Przedszkole-Nr-54-Klauzula-informacyjna-windykacja.pdf\" target=\"_blank\" rel=\"noopener\">Klauzula informacyjna &#8211; windykacja\u00a0 [pdf 119 KB]<\/a><\/span><\/strong><\/span><br \/>\n<span style=\"font-size: 14pt\"><strong><span style=\"color: #ff0000\">\u2022 <a style=\"color: #ff0000\" href=\"https:\/\/przedszkole54.edu.wroclaw.pl\/wp-content\/uploads\/sites\/56\/2022\/02\/Przedszkole-Nr-54-Klauzula-informacyjna-dla-pracowniko\u0301w.pdf\" target=\"_blank\" rel=\"noopener\">Klauzula informacyjna dla pracownik\u00f3w\u00a0 [pdf 105 KB]<\/a><\/span><\/strong><\/span><br \/>\n<span style=\"font-size: 14pt\"><strong><span style=\"color: #ff0000\">\u2022 <a style=\"color: #ff0000\" href=\"https:\/\/przedszkole54.edu.wroclaw.pl\/wp-content\/uploads\/sites\/56\/2022\/02\/Przedszkole-Nr-54-Klauzula-zgody-wizerunek.pdf\" target=\"_blank\" rel=\"noopener\">Klauzula zgody &#8211; wizerunek\u00a0 [pdf 139 KB]<\/a><\/span><\/strong><\/span><br \/>\n<span style=\"font-size: 14pt\"><strong><span style=\"color: #ff0000\">\u2022 <a style=\"color: #ff0000\" href=\"https:\/\/przedszkole54.edu.wroclaw.pl\/wp-content\/uploads\/sites\/56\/2022\/02\/Przedszkole-Nr-54-KLAUZULE-ZGODY.pdf\" target=\"_blank\" rel=\"noopener\">Klauzule zgody\u00a0 [pdf 85 KB]<\/a><\/span><\/strong><\/span><br \/>\n<\/span>[\/vc_column_text][\/vc_tta_section][vc_tta_section title=&#8221;Standardy Ochrony Ma\u0142oletnich&#8221; tab_id=&#8221;1725018304698-7fe9d4db-2d28&#8243;][vc_column_text css=&#8221;&#8221;]<strong><a href=\"https:\/\/przedszkole54.edu.wroclaw.pl\/wp-content\/uploads\/sites\/56\/2024\/08\/Standardy-Ochrony-Maloletnich-Przedszkole-nr-54-Pod-Kasztanami.pdf\"><span style=\"font-size: 14pt\">Standardy Ochrony Ma\u0142oletnich Przedszkole nr 54 Pod Kasztanami\u00a0 \u00a0[pdf\u00a0 763 KB]<\/span><\/a><\/strong>[\/vc_column_text][\/vc_tta_section][\/vc_tta_tour][\/vc_column][\/vc_row]<\/p>\n<\/div>","protected":false},"excerpt":{"rendered":"<p>[vc_row][vc_column width=&#8221;1\/4&#8243;][\/vc_column][vc_column width=&#8221;3\/4&#8243;][vc_tta_tour shape=&#8221;square&#8221; spacing=&#8221;3&#8243; active_section=&#8221;1&#8243;][vc_tta_section title=&#8221;Statut&#8221; tab_id=&#8221;1618128835865-c7a6c35f-89f1&#8243;][vc_column_text css=&#8221;&#8221;]Statut Przedszkola nr 54 Pod Kasztanami [pdf 835KB][\/vc_column_text][\/vc_tta_section][vc_tta_section title=&#8221;Procedury&#8221; tab_id=&#8221;1618128871283-9c77b9c1-d0aa&#8221;][vc_column_text css=&#8221;&#8221;]\u2022 Procedury bezpiecze\u0144stwa\u00a0 \u00a0[pdf 1,40 MB] \u2022 Procedura kontakt\u00f3w z rodzicami\u00a0 \u00a0[pdf [&hellip;]<\/p>\n","protected":false},"author":72,"featured_media":0,"parent":0,"menu_order":0,"comment_status":"closed","ping_status":"closed","template":"","meta":{"ngg_post_thumbnail":0,"footnotes":""},"class_list":["post-35","page","type-page","status-publish","hentry","clearfix"],"_links":{"self":[{"href":"https:\/\/przedszkole54.edu.wroclaw.pl\/index.php\/wp-json\/wp\/v2\/pages\/35","targetHints":{"allow":["GET"]}}],"collection":[{"href":"https:\/\/przedszkole54.edu.wroclaw.pl\/index.php\/wp-json\/wp\/v2\/pages"}],"about":[{"href":"https:\/\/przedszkole54.edu.wroclaw.pl\/index.php\/wp-json\/wp\/v2\/types\/page"}],"author":[{"embeddable":true,"href":"https:\/\/przedszkole54.edu.wroclaw.pl\/index.php\/wp-json\/wp\/v2\/users\/72"}],"replies":[{"embeddable":true,"href":"https:\/\/przedszkole54.edu.wroclaw.pl\/index.php\/wp-json\/wp\/v2\/comments?post=35"}],"version-history":[{"count":93,"href":"https:\/\/przedszkole54.edu.wroclaw.pl\/index.php\/wp-json\/wp\/v2\/pages\/35\/revisions"}],"predecessor-version":[{"id":7977,"href":"https:\/\/przedszkole54.edu.wroclaw.pl\/index.php\/wp-json\/wp\/v2\/pages\/35\/revisions\/7977"}],"wp:attachment":[{"href":"https:\/\/przedszkole54.edu.wroclaw.pl\/index.php\/wp-json\/wp\/v2\/media?parent=35"}],"curies":[{"name":"wp","href":"https:\/\/api.w.org\/{rel}","templated":true}]}}