
{"id":29,"date":"2021-03-18T07:58:34","date_gmt":"2021-03-18T06:58:34","guid":{"rendered":"https:\/\/przedszkole54.edu.wroclaw.pl\/?page_id=29"},"modified":"2024-09-11T09:41:16","modified_gmt":"2024-09-11T07:41:16","slug":"edukacja","status":"publish","type":"page","link":"https:\/\/przedszkole54.edu.wroclaw.pl\/index.php\/edukacja\/","title":{"rendered":"Kalendarz wydarze\u0144"},"content":{"rendered":"<div class=\"wpb-content-wrapper\"><p>[vc_row][vc_column width=&#8221;1\/4&#8243;][\/vc_column][vc_column width=&#8221;1\/2&#8243;][vc_column_text css_animation=&#8221;appear&#8221; css=&#8221;.vc_custom_1726040394076{margin-bottom: 40px !important;}&#8221;]<\/p>\n<p style=\"text-align: center;line-height: 90%\"><span style=\"color: #99cc00\"><span style=\"font-size: 22px;font-family: 'Open Sans', sans-serif\"><span style=\"font-size: 20pt;line-height: 90%\"><strong><span style=\"color: #003300\">KALENDARZ WYDARZE\u0143 PRZEDSZKOLNYCH<\/span><\/strong><br \/>\n<\/span><\/span><\/span><\/p>\n<p>[\/vc_column_text][vc_column_text css=&#8221;.vc_custom_1726040465287{border-top-width: 5px !important;border-right-width: 5px !important;border-bottom-width: 5px !important;border-left-width: 5px !important;padding-top: 40px !important;padding-right: 40px !important;padding-bottom: 40px !important;padding-left: 40px !important;border-left-style: dotted !important;border-right-style: dotted !important;border-top-style: dotted !important;border-bottom-style: dotted !important;border-color: #e8e8e8 !important;}&#8221;]<strong><span style=\"color: #003300;font-family: georgia, palatino, serif;font-size: 14pt\">Wrzesie\u0144<\/span><\/strong><\/p>\n<p><span style=\"font-family: georgia, palatino, serif;font-size: 14pt;color: #000000\"><span style=\"font-family: georgia, palatino, serif;font-size: 14pt\"><em>\u2022 <\/em><\/span>Organizacja roku szkolnego<\/span><br \/>\n<span style=\"font-size: 14pt;color: #000000;font-family: georgia, palatino, serif\"><span style=\"font-family: georgia, palatino, serif;font-size: 14pt\"><em>\u2022 <\/em><\/span>Zebrania z rodzicami<br \/>\n<span style=\"font-family: georgia, palatino, serif;font-size: 14pt\"><em>\u2022 <\/em><\/span>Dzie\u0144 Kropki<\/span><br \/>\n<span style=\"font-family: georgia, palatino, serif;font-size: 14pt;color: #000000\"><span style=\"font-family: georgia, palatino, serif;font-size: 14pt\"><em>\u2022 <\/em><\/span>Europejski Tydzie\u0144 Zr\u00f3wnowa\u017conego Rozwoju<\/span><br \/>\n<span style=\"font-family: georgia, palatino, serif;font-size: 14pt;color: #000000\"><span style=\"font-family: georgia, palatino, serif;font-size: 14pt\"><em>\u2022 <\/em><\/span>Dziadek Bach &#8211; koncert edukacyjny<\/span><\/p>\n<p><strong><span style=\"font-family: georgia, palatino, serif;font-size: 14pt;color: #003300\">Pa\u017adziernik<\/span><\/strong><\/p>\n<p><span style=\"font-family: georgia, palatino, serif;font-size: 14pt;color: #000000\"><span style=\"font-family: georgia, palatino, serif;font-size: 14pt\"><em>\u2022 <\/em><\/span>Dzie\u0144 Drzewa<\/span><br \/>\n<span style=\"font-family: georgia, palatino, serif;font-size: 14pt;color: #000000\"><span style=\"font-family: georgia, palatino, serif;font-size: 14pt\"><em>\u2022 <\/em><\/span>Dzie\u0144 Edukacji Narodowej<\/span><br \/>\n<span style=\"font-family: georgia, palatino, serif;font-size: 14pt;color: #000000\"><span style=\"font-family: georgia, palatino, serif;font-size: 14pt\"><em>\u2022 <\/em><\/span>Dziadek Bach &#8211; koncert edukacyjny<\/span><\/p>\n<p><span style=\"color: #003300\"><strong><span style=\"font-family: georgia, palatino, serif;font-size: 14pt\">Listopad<\/span><\/strong><\/span><\/p>\n<p><span style=\"color: #000000\"><span style=\"font-family: georgia, palatino, serif;font-size: 14pt\"><span style=\"font-family: georgia, palatino, serif;font-size: 14pt\"><em>\u2022 <\/em><\/span>Tydzie\u0144 Patriotyczny<br \/>\n<\/span><span style=\"font-family: georgia, palatino, serif;font-size: 14pt\"> <span style=\"font-family: georgia, palatino, serif;font-size: 14pt\"><em>\u2022 <\/em><\/span> Miesi\u0105c dobroci dla zwierz\u0105t<br \/>\n<span style=\"font-family: georgia, palatino, serif;font-size: 14pt\"><em>\u2022 <\/em><\/span>Dzie\u0144 Je\u017ca<br \/>\n<span style=\"font-family: georgia, palatino, serif;font-size: 14pt\"><em>\u2022 <\/em><\/span>Dzie\u0144 \u017byczliwo\u015bci<br \/>\n<span style=\"font-family: georgia, palatino, serif;font-size: 14pt\"><em>\u2022 <\/em><\/span>Dzie\u0144 Pluszowego Misia<br \/>\n<span style=\"font-family: georgia, palatino, serif;font-size: 14pt\"><em>\u2022 <\/em><\/span>Festiwal Zdrowia<br \/>\n<span style=\"font-family: georgia, palatino, serif;font-size: 14pt\"><em>\u2022 <\/em><\/span>Pasowanie na przedszkolaka (gr. I)<\/span><\/span><br \/>\n<span style=\"font-family: georgia, palatino, serif;font-size: 14pt;color: #000000\"><span style=\"font-family: georgia, palatino, serif;font-size: 14pt\"><em>\u2022 <\/em><\/span>Dziadek Bach &#8211; koncert edukacyjny<\/span><\/p>\n<p><span style=\"color: #003300\"><strong><span style=\"font-family: georgia, palatino, serif;font-size: 14pt\">Grudzie\u0144<\/span><\/strong><\/span><\/p>\n<p><span style=\"font-family: georgia, palatino, serif;font-size: 14pt;color: #000000\"><span style=\"font-family: georgia, palatino, serif;font-size: 14pt\"><em>\u2022 <\/em>Spotkanie z Miko\u0142ajem<em><br \/>\n\u2022 <\/em><\/span>\u015awi\u0105teczne akcje charytatywne<br \/>\n<span style=\"font-family: georgia, palatino, serif;font-size: 14pt\"><em>\u2022 <\/em><\/span>Przygotowania do \u015awi\u0105t Bo\u017cego Narodzenia<br \/>\n<span style=\"font-family: georgia, palatino, serif;font-size: 14pt\"><em>\u2022 <\/em><\/span>Wigilia w przedszkolu<\/span><br \/>\n<span style=\"font-family: georgia, palatino, serif;font-size: 14pt;color: #000000\"><span style=\"font-family: georgia, palatino, serif;font-size: 14pt\"><em>\u2022 <\/em><\/span>Dziadek Bach &#8211; koncert edukacyjny<\/span><\/p>\n<p><span style=\"color: #003300\"><strong><span style=\"font-family: georgia, palatino, serif;font-size: 14pt\">Stycze\u0144<\/span><\/strong><\/span><\/p>\n<p><span style=\"font-family: georgia, palatino, serif;font-size: 14pt;color: #000000\"><span style=\"font-family: georgia, palatino, serif;font-size: 14pt\"><em>\u2022 <\/em><\/span>Wyj\u015bcie do \u201e\u017cywej szopki\u201d<br \/>\n<span style=\"font-family: georgia, palatino, serif;font-size: 14pt\"><em>\u2022 <\/em><\/span>Warsztaty ekologiczne<br \/>\n<span style=\"font-family: georgia, palatino, serif;font-size: 14pt\"><em>\u2022 <\/em><\/span>Dzie\u0144 Babci i Dziadka<\/span><br \/>\n<span style=\"font-family: georgia, palatino, serif;font-size: 14pt;color: #000000\"><span style=\"font-family: georgia, palatino, serif;font-size: 14pt\"><em>\u2022 <\/em><\/span>Dziadek Bach &#8211; koncert edukacyjny<br \/>\n<\/span><\/p>\n<p><strong><span style=\"font-family: georgia, palatino, serif;font-size: 14pt;color: #003300\">Luty<\/span><\/strong><\/p>\n<p><span style=\"color: #000000;font-family: georgia, palatino, serif;font-size: 14pt\"><span style=\"font-family: georgia, palatino, serif;font-size: 14pt\"><em>\u2022 <\/em><\/span>Bal karnawa\u0142owy<br \/>\n<span style=\"font-family: georgia, palatino, serif;font-size: 14pt\"><em>\u2022 <\/em><\/span>Spotkanie z Policj\u0105 \/ Stra\u017c\u0105 Miejsk\u0105<br \/>\n<span style=\"font-family: georgia, palatino, serif;font-size: 14pt\"><em>\u2022 <\/em><\/span>Wyj\u015bcie do teatru \/ muzeum<\/span><br \/>\n<span style=\"font-family: georgia, palatino, serif;font-size: 14pt;color: #000000\"><span style=\"font-family: georgia, palatino, serif;font-size: 14pt\"><em>\u2022 <\/em><\/span>Dziadek Bach &#8211; koncert edukacyjny<\/span><\/p>\n<p><span style=\"color: #003300\"><strong><span style=\"font-family: georgia, palatino, serif;font-size: 14pt\">Marzec<\/span><\/strong><\/span><\/p>\n<p><span style=\"color: #000000;font-family: georgia, palatino, serif;font-size: 14pt\"><span style=\"font-family: georgia, palatino, serif;font-size: 14pt\"><em>\u2022 <\/em><\/span>Zielony tydzie\u0144<br \/>\n<span style=\"font-family: georgia, palatino, serif;font-size: 14pt\"><em>\u2022 <\/em><\/span>Dzie\u0144 Wiosny<br \/>\n<span style=\"font-family: georgia, palatino, serif;font-size: 14pt\"><em>\u2022 <\/em><\/span>Warsztaty przyrodnicze<br \/>\n<span style=\"font-family: georgia, palatino, serif;font-size: 14pt\"><em>\u2022 <\/em><\/span>Wiosenna wycieczka do Parku Szczytnickiego<br \/>\n<span style=\"font-family: georgia, palatino, serif;font-size: 14pt\"><em>\u2022 <\/em><\/span>Wyj\u015bcia na drzwi otwarte do szk\u00f3\u0142 (gr. III)<\/span><br \/>\n<span style=\"font-family: georgia, palatino, serif;font-size: 14pt;color: #000000\"><span style=\"font-family: georgia, palatino, serif;font-size: 14pt\"><em>\u2022 <\/em><\/span>Dziadek Bach &#8211; koncert edukacyjny<\/span><\/p>\n<p><span style=\"color: #003300\"><strong><span style=\"font-family: georgia, palatino, serif;font-size: 14pt\">Kwiecie\u0144<\/span><\/strong><\/span><\/p>\n<p><span style=\"color: #000000;font-family: georgia, palatino, serif;font-size: 14pt\"><span style=\"font-family: georgia, palatino, serif;font-size: 14pt\"><em>\u2022 <\/em><\/span>Przygotowania do \u015awi\u0105t Wielkanocnych<br \/>\n<span style=\"font-family: georgia, palatino, serif;font-size: 14pt\"><em>\u2022 <\/em><\/span>Dzie\u0144 Zdrowia<br \/>\n<span style=\"font-family: georgia, palatino, serif;font-size: 14pt\"><em>\u2022 <\/em><\/span>Eko-tydzie\u0144 i Dzie\u0144 Ziemi<br \/>\n<span style=\"font-family: georgia, palatino, serif;font-size: 14pt\"><em>\u2022 <\/em><\/span>Pola Nadziei<br \/>\n<span style=\"font-family: georgia, palatino, serif;font-size: 14pt\"><em>\u2022 <\/em><\/span>Wycieczka do ZOO<\/span><br \/>\n<span style=\"font-family: georgia, palatino, serif;font-size: 14pt;color: #000000\"><span style=\"font-family: georgia, palatino, serif;font-size: 14pt\"><em>\u2022 <\/em><\/span>Dziadek Bach &#8211; koncert edukacyjny<br \/>\n<\/span><\/p>\n<p><span style=\"color: #003300\"><strong><span style=\"font-family: georgia, palatino, serif;font-size: 14pt\">Maj<\/span><\/strong><\/span><\/p>\n<p><span style=\"color: #000000;font-family: georgia, palatino, serif;font-size: 14pt\"><span style=\"font-family: georgia, palatino, serif;font-size: 14pt\"><em>\u2022 <\/em><\/span>Rowerowy Maj<br \/>\n<span style=\"font-family: georgia, palatino, serif;font-size: 14pt\"><em>\u2022 <\/em><\/span>Rajd Smoka Strachoty<br \/>\n<span style=\"font-family: georgia, palatino, serif;font-size: 14pt\"><em>\u2022 <\/em><\/span>Dzie\u0144 Mamy i Taty<br \/>\n<span style=\"font-family: georgia, palatino, serif;font-size: 14pt\"><em>\u2022 <\/em><\/span>Sobotnia wycieczka integracyjna z przewodnikiem<\/span><br \/>\n<span style=\"font-family: georgia, palatino, serif;font-size: 14pt;color: #000000\"><span style=\"font-family: georgia, palatino, serif;font-size: 14pt\"><em>\u2022 <\/em><\/span>Dziadek Bach &#8211; koncert edukacyjny<\/span><\/p>\n<p><span style=\"color: #003300\"><strong><span style=\"font-family: georgia, palatino, serif;font-size: 14pt\">Czerwiec<\/span><\/strong><\/span><\/p>\n<p><span style=\"color: #000000;font-family: georgia, palatino, serif;font-size: 14pt\"><span style=\"font-family: georgia, palatino, serif;font-size: 14pt\"><em>\u2022 <\/em><\/span>Dzie\u0144 Dziecka<br \/>\n<span style=\"font-family: georgia, palatino, serif;font-size: 14pt\"><em>\u2022 <\/em><\/span>Festyn Rodzinny<br \/>\n<span style=\"font-family: georgia, palatino, serif;font-size: 14pt\"><em>\u2022 <\/em><\/span>Wycieczka autokarowa<\/span><br \/>\n<span style=\"font-family: georgia, palatino, serif;font-size: 14pt;color: #000000\"><span style=\"font-family: georgia, palatino, serif;font-size: 14pt\"><em>\u2022 <\/em><\/span>Dziadek Bach &#8211; koncert edukacyjny<\/span>[\/vc_column_text][\/vc_column][vc_column width=&#8221;1\/4&#8243;][\/vc_column][\/vc_row]<\/p>\n<\/div>","protected":false},"excerpt":{"rendered":"<p>[vc_row][vc_column width=&#8221;1\/4&#8243;][\/vc_column][vc_column width=&#8221;1\/2&#8243;][vc_column_text css_animation=&#8221;appear&#8221; css=&#8221;.vc_custom_1726040394076{margin-bottom: 40px !important;}&#8221;] KALENDARZ WYDARZE\u0143 PRZEDSZKOLNYCH [\/vc_column_text][vc_column_text css=&#8221;.vc_custom_1726040465287{border-top-width: 5px !important;border-right-width: 5px !important;border-bottom-width: 5px !important;border-left-width: 5px !important;padding-top: 40px !important;padding-right: 40px !important;padding-bottom: 40px !important;padding-left: 40px !important;border-left-style: dotted !important;border-right-style: [&hellip;]<\/p>\n","protected":false},"author":72,"featured_media":0,"parent":0,"menu_order":0,"comment_status":"closed","ping_status":"closed","template":"","meta":{"ngg_post_thumbnail":0,"footnotes":""},"class_list":["post-29","page","type-page","status-publish","hentry","clearfix"],"_links":{"self":[{"href":"https:\/\/przedszkole54.edu.wroclaw.pl\/index.php\/wp-json\/wp\/v2\/pages\/29","targetHints":{"allow":["GET"]}}],"collection":[{"href":"https:\/\/przedszkole54.edu.wroclaw.pl\/index.php\/wp-json\/wp\/v2\/pages"}],"about":[{"href":"https:\/\/przedszkole54.edu.wroclaw.pl\/index.php\/wp-json\/wp\/v2\/types\/page"}],"author":[{"embeddable":true,"href":"https:\/\/przedszkole54.edu.wroclaw.pl\/index.php\/wp-json\/wp\/v2\/users\/72"}],"replies":[{"embeddable":true,"href":"https:\/\/przedszkole54.edu.wroclaw.pl\/index.php\/wp-json\/wp\/v2\/comments?post=29"}],"version-history":[{"count":91,"href":"https:\/\/przedszkole54.edu.wroclaw.pl\/index.php\/wp-json\/wp\/v2\/pages\/29\/revisions"}],"predecessor-version":[{"id":7870,"href":"https:\/\/przedszkole54.edu.wroclaw.pl\/index.php\/wp-json\/wp\/v2\/pages\/29\/revisions\/7870"}],"wp:attachment":[{"href":"https:\/\/przedszkole54.edu.wroclaw.pl\/index.php\/wp-json\/wp\/v2\/media?parent=29"}],"curies":[{"name":"wp","href":"https:\/\/api.w.org\/{rel}","templated":true}]}}