
{"id":19,"date":"2021-03-18T07:53:37","date_gmt":"2021-03-18T06:53:37","guid":{"rendered":"https:\/\/przedszkole54.edu.wroclaw.pl\/?page_id=19"},"modified":"2024-09-20T16:34:33","modified_gmt":"2024-09-20T14:34:33","slug":"p-54-pod-kasztanami","status":"publish","type":"page","link":"https:\/\/przedszkole54.edu.wroclaw.pl\/","title":{"rendered":"Strona g\u0142\u00f3wna"},"content":{"rendered":"<div class=\"wpb-content-wrapper\"><p>[vc_row css=&#8221;.vc_custom_1639241078496{margin-top: -10px !important;padding-top: -10px !important;}&#8221;][vc_column][vc_column_text css=&#8221;&#8221;]<\/p>\n<h2 style=\"text-align: center\"><strong><span style=\"font-size: 36pt;font-family: 'Amatic SC', geneva, sans-serif;color: #003300\">Aktualno\u015bci<\/span><\/strong><\/h2>\n<p>[\/vc_column_text][vc_separator color=&#8221;custom&#8221; style=&#8221;dotted&#8221; border_width=&#8221;5&#8243; el_width=&#8221;30&#8243; css_animation=&#8221;flipInX&#8221; css=&#8221;.vc_custom_1617964902875{margin-top: -30px !important;}&#8221;][vc_basic_grid post_type=&#8221;post&#8221; max_items=&#8221;4&#8243; element_width=&#8221;3&#8243; grid_id=&#8221;vc_gid:1726842078770-24a6cb03-1829-1&#8243; taxonomies=&#8221;3&#8243;][vc_btn title=&#8221;Wi\u0119cej wpis\u00f3w&#8221; style=&#8221;custom&#8221; custom_background=&#8221;#a5d45d&#8221; custom_text=&#8221;#ffffff&#8221; shape=&#8221;square&#8221; align=&#8221;center&#8221; i_icon_fontawesome=&#8221;far fa-edit&#8221; css_animation=&#8221;none&#8221; add_icon=&#8221;true&#8221; link=&#8221;url:https%3A%2F%2Fprzedszkole54.edu.wroclaw.pl%2Findex.php%2Faktualnosci%2F&#8221;][\/vc_column][\/vc_row][vc_row full_width=&#8221;stretch_row&#8221; equal_height=&#8221;yes&#8221; parallax=&#8221;content-moving&#8221; parallax_image=&#8221;96&#8243; parallax_speed_bg=&#8221;4&#8243; css=&#8221;.vc_custom_1617997978543{background-color: #95d166 !important;}&#8221;][vc_column width=&#8221;1\/3&#8243;][vc_single_image image=&#8221;333&#8243; img_size=&#8221;medium&#8221; alignment=&#8221;center&#8221; css=&#8221;.vc_custom_1617968609683{margin-bottom: -5px !important;}&#8221;][vc_column_text]<\/p>\n<p style=\"text-align: center\"><span style=\"font-size: 18pt;color: #ffffff;font-family: 'trebuchet ms', geneva, sans-serif\">BEZPIECZE\u0143STWO<\/span><\/p>\n<p>[\/vc_column_text][\/vc_column][vc_column width=&#8221;1\/3&#8243;][vc_single_image image=&#8221;332&#8243; img_size=&#8221;medium&#8221; alignment=&#8221;center&#8221; css=&#8221;.vc_custom_1617968626858{margin-bottom: -5px !important;}&#8221;][vc_column_text]<\/p>\n<p style=\"text-align: center\"><span style=\"font-size: 18pt;color: #ffffff;font-family: 'trebuchet ms', geneva, sans-serif\">ZDROWIE<\/span><\/p>\n<p>[\/vc_column_text][\/vc_column][vc_column width=&#8221;1\/3&#8243;][vc_single_image image=&#8221;339&#8243; img_size=&#8221;medium&#8221; alignment=&#8221;center&#8221; css=&#8221;.vc_custom_1617968948009{margin-bottom: -5px !important;}&#8221;][vc_column_text]<\/p>\n<p style=\"text-align: center\"><span style=\"font-size: 18pt;color: #ffffff;font-family: 'trebuchet ms', geneva, sans-serif\">EDUKACJA<\/span><\/p>\n<p>[\/vc_column_text][\/vc_column][\/vc_row][vc_row][vc_column width=&#8221;1\/2&#8243;][vc_column_text css_animation=&#8221;appear&#8221; css=&#8221;&#8221;]<\/p>\n<h2 style=\"text-align: center\"><span style=\"font-size: 36pt;font-family: 'Amatic SC', geneva, sans-serif;color: #003300\">O Przedszkolu<\/span><\/h2>\n<p>[\/vc_column_text][vc_separator color=&#8221;custom&#8221; style=&#8221;dotted&#8221; border_width=&#8221;5&#8243; el_width=&#8221;50&#8243; css=&#8221;.vc_custom_1617964885066{margin-top: -20px !important;}&#8221;][vc_column_text css=&#8221;&#8221;]<span style=\"font-family: helvetica, arial, sans-serif;color: #000000;font-size: 12pt\">Przedszkole nr 54 \u201ePod Kasztanami\u201d jest po\u0142o\u017cone w pi\u0119knej, zielonej okolicy Wroc\u0142awia, na osiedlu D\u0105bie, w dzielnicy \u015ar\u00f3dmie\u015bcie. Tu\u017c przy nim le\u017cy Park D\u0105bski, w kt\u00f3rym upajamy si\u0119 urokami nadchodz\u0105cych p\u00f3r roku. Nasze najbli\u017csze s\u0105siedztwo to tak\u017ce Park Szczytnicki, ZOO, Hala Stulecia, Ogr\u00f3d Japo\u0144ski, obserwatoriom astronomiczne.<\/span>[\/vc_column_text][vc_btn title=&#8221;Wi\u0119cej o przedszkolu&#8221; style=&#8221;custom&#8221; custom_background=&#8221;#a5d45d&#8221; custom_text=&#8221;#ffffff&#8221; shape=&#8221;square&#8221; align=&#8221;right&#8221; i_type=&#8221;typicons&#8221; i_icon_typicons=&#8221;typcn typcn-home-outline&#8221; css_animation=&#8221;none&#8221; add_icon=&#8221;true&#8221; link=&#8221;url:https%3A%2F%2Fprzedszkole54.edu.wroclaw.pl%2Findex.php%2Fprzedszkole%2F|title:O%20Przedszkolu&#8221;][\/vc_column][vc_column width=&#8221;1\/2&#8243;][vc_single_image image=&#8221;2528&#8243; img_size=&#8221;full&#8221; alignment=&#8221;center&#8221; onclick=&#8221;img_link_large&#8221; img_link_target=&#8221;_blank&#8221; css_animation=&#8221;none&#8221;][\/vc_column][\/vc_row][vc_row css=&#8221;.vc_custom_1639237042482{margin-top: -20px !important;}&#8221;][vc_column][vc_separator style=&#8221;dotted&#8221; border_width=&#8221;5&#8243;][\/vc_column][\/vc_row][vc_row][vc_column width=&#8221;1\/4&#8243;][vc_single_image image=&#8221;4673&#8243; img_size=&#8221;full&#8221; alignment=&#8221;center&#8221; onclick=&#8221;custom_link&#8221; link=&#8221;https:\/\/przedszkole54.edu.wroclaw.pl\/index.php\/narodowy-program-rozwoju-czytelnictwa\/&#8221;][\/vc_column][vc_column width=&#8221;1\/4&#8243;][vc_single_image image=&#8221;4180&#8243; img_size=&#8221;full&#8221; alignment=&#8221;center&#8221; onclick=&#8221;custom_link&#8221; link=&#8221;https:\/\/przedszkole54.edu.wroclaw.pl\/index.php\/wolontariat-w-przedszkolu\/&#8221;][\/vc_column][vc_column width=&#8221;1\/4&#8243;][vc_single_image image=&#8221;4676&#8243; img_size=&#8221;full&#8221; alignment=&#8221;center&#8221; onclick=&#8221;custom_link&#8221; link=&#8221;https:\/\/przedszkole54.edu.wroclaw.pl\/index.php\/dyplomy-i-podziekowania\/&#8221;][\/vc_column][vc_column width=&#8221;1\/4&#8243;][vc_single_image image=&#8221;6342&#8243; img_size=&#8221;full&#8221; alignment=&#8221;center&#8221; onclick=&#8221;custom_link&#8221; link=&#8221;https:\/\/przedszkole54.edu.wroclaw.pl\/index.php\/unicef\/&#8221;][\/vc_column][\/vc_row][vc_row css=&#8221;.vc_custom_1639237042482{margin-top: -20px !important;}&#8221;][vc_column][vc_video link=&#8221;https:\/\/youtu.be\/vRIUZ_Y7kIQ&#8221; title=&#8221;Film promuj\u0105cy przedszkole&#8221;][\/vc_column][\/vc_row]<\/p>\n<\/div>","protected":false},"excerpt":{"rendered":"<p>[vc_row css=&#8221;.vc_custom_1639241078496{margin-top: -10px !important;padding-top: -10px !important;}&#8221;][vc_column][vc_column_text css=&#8221;&#8221;] Aktualno\u015bci [\/vc_column_text][vc_separator color=&#8221;custom&#8221; style=&#8221;dotted&#8221; border_width=&#8221;5&#8243; el_width=&#8221;30&#8243; css_animation=&#8221;flipInX&#8221; css=&#8221;.vc_custom_1617964902875{margin-top: -30px !important;}&#8221;][vc_basic_grid post_type=&#8221;post&#8221; max_items=&#8221;4&#8243; element_width=&#8221;3&#8243; grid_id=&#8221;vc_gid:1726842078770-24a6cb03-1829-1&#8243; taxonomies=&#8221;3&#8243;][vc_btn title=&#8221;Wi\u0119cej wpis\u00f3w&#8221; style=&#8221;custom&#8221; custom_background=&#8221;#a5d45d&#8221; custom_text=&#8221;#ffffff&#8221; shape=&#8221;square&#8221; align=&#8221;center&#8221; i_icon_fontawesome=&#8221;far [&hellip;]<\/p>\n","protected":false},"author":72,"featured_media":0,"parent":0,"menu_order":0,"comment_status":"closed","ping_status":"closed","template":"","meta":{"ngg_post_thumbnail":0,"footnotes":""},"class_list":["post-19","page","type-page","status-publish","hentry","clearfix"],"_links":{"self":[{"href":"https:\/\/przedszkole54.edu.wroclaw.pl\/index.php\/wp-json\/wp\/v2\/pages\/19","targetHints":{"allow":["GET"]}}],"collection":[{"href":"https:\/\/przedszkole54.edu.wroclaw.pl\/index.php\/wp-json\/wp\/v2\/pages"}],"about":[{"href":"https:\/\/przedszkole54.edu.wroclaw.pl\/index.php\/wp-json\/wp\/v2\/types\/page"}],"author":[{"embeddable":true,"href":"https:\/\/przedszkole54.edu.wroclaw.pl\/index.php\/wp-json\/wp\/v2\/users\/72"}],"replies":[{"embeddable":true,"href":"https:\/\/przedszkole54.edu.wroclaw.pl\/index.php\/wp-json\/wp\/v2\/comments?post=19"}],"version-history":[{"count":364,"href":"https:\/\/przedszkole54.edu.wroclaw.pl\/index.php\/wp-json\/wp\/v2\/pages\/19\/revisions"}],"predecessor-version":[{"id":7915,"href":"https:\/\/przedszkole54.edu.wroclaw.pl\/index.php\/wp-json\/wp\/v2\/pages\/19\/revisions\/7915"}],"wp:attachment":[{"href":"https:\/\/przedszkole54.edu.wroclaw.pl\/index.php\/wp-json\/wp\/v2\/media?parent=19"}],"curies":[{"name":"wp","href":"https:\/\/api.w.org\/{rel}","templated":true}]}}